{"id":17,"date":"2025-05-28T02:30:08","date_gmt":"2025-05-28T02:30:08","guid":{"rendered":"https:\/\/sandunesbeach.123websitedev.com\/?page_id=17"},"modified":"2025-08-05T15:32:23","modified_gmt":"2025-08-05T08:32:23","slug":"dich-vu","status":"publish","type":"page","link":"https:\/\/sandunesbeach.com\/ru\/dich-vu\/","title":{"rendered":"\u0423\u0441\u043b\u0443\u0433\u0430"},"content":{"rendered":"<div data-elementor-type=\"wp-page\" data-elementor-id=\"17\" class=\"elementor elementor-17\" data-elementor-post-type=\"page\">\n\t\t\t\t<div class=\"elementor-element elementor-element-786c0e1 e-con-full e-flex elementor-invisible e-con e-parent\" data-id=\"786c0e1\" data-element_type=\"container\" data-settings=\"{&quot;animation&quot;:&quot;fadeInUp&quot;,&quot;background_background&quot;:&quot;classic&quot;}\">\n\t\t\t\t<div class=\"elementor-element elementor-element-9669542 elementor-widget elementor-widget-heading\" data-id=\"9669542\" data-element_type=\"widget\" data-widget_type=\"heading.default\">\n\t\t\t\t<div class=\"elementor-widget-container\">\n\t\t\t\t\t<h1 class=\"elementor-heading-title elementor-size-default\"><a href=\"https:\/\/sandunesbeach.com\/ru\/dich-vu\/\">\u0423\u0441\u043b\u0443\u0433\u0430<\/a><\/h1>\t\t\t\t<\/div>\n\t\t\t\t<\/div>\n\t\t\t\t<div class=\"elementor-element elementor-element-fa82442 elementor-align-center elementor-widget elementor-widget-breadcrumbs\" data-id=\"fa82442\" data-element_type=\"widget\" data-widget_type=\"breadcrumbs.default\">\n\t\t\t\t<div class=\"elementor-widget-container\">\n\t\t\t\t\t<p id=\"breadcrumbs\"><span><span><a href=\"https:\/\/sandunesbeach.com\/ru\/\">\u0414\u043e\u043c<\/a><\/span><\/span><\/p>\t\t\t\t<\/div>\n\t\t\t\t<\/div>\n\t\t\t\t<\/div>\n\t\t<div class=\"elementor-element elementor-element-be28f39 e-flex e-con-boxed e-con e-parent\" data-id=\"be28f39\" data-element_type=\"container\">\n\t\t\t\t\t<div class=\"e-con-inner\">\n\t\t<div class=\"elementor-element elementor-element-21a70ba e-con-full e-flex e-con e-child\" data-id=\"21a70ba\" data-element_type=\"container\">\n\t\t\t\t<div class=\"elementor-element elementor-element-c4548bd elementor-posts--align-center elementor-grid-2 elementor-grid-tablet-2 elementor-grid-mobile-1 elementor-posts--thumbnail-top elementor-widget elementor-widget-posts\" data-id=\"c4548bd\" data-element_type=\"widget\" data-settings=\"{&quot;classic_columns&quot;:&quot;2&quot;,&quot;classic_columns_tablet&quot;:&quot;2&quot;,&quot;classic_columns_mobile&quot;:&quot;1&quot;,&quot;classic_row_gap&quot;:{&quot;unit&quot;:&quot;px&quot;,&quot;size&quot;:35,&quot;sizes&quot;:[]},&quot;classic_row_gap_tablet&quot;:{&quot;unit&quot;:&quot;px&quot;,&quot;size&quot;:&quot;&quot;,&quot;sizes&quot;:[]},&quot;classic_row_gap_mobile&quot;:{&quot;unit&quot;:&quot;px&quot;,&quot;size&quot;:&quot;&quot;,&quot;sizes&quot;:[]}}\" data-widget_type=\"posts.classic\">\n\t\t\t\t<div class=\"elementor-widget-container\">\n\t\t\t\t\t\t\t<div class=\"elementor-posts-container elementor-posts elementor-posts--skin-classic elementor-grid\">\n\t\t\t\t<article class=\"elementor-post elementor-grid-item post-730 services type-services status-publish has-post-thumbnail hentry\">\n\t\t\t\t<a class=\"elementor-post__thumbnail__link\" href=\"https:\/\/sandunesbeach.com\/ru\/services\/hoat-dong-bien\/\" tabindex=\"-1\" >\n\t\t\t<div class=\"elementor-post__thumbnail\"><img fetchpriority=\"high\" decoding=\"async\" width=\"768\" height=\"576\" src=\"https:\/\/sandunesbeach.com\/wp-content\/uploads\/2025\/05\/16139869054363656510132490o1366x1025-768x576.jpg\" class=\"attachment-medium_large size-medium_large wp-image-732\" alt=\"\" srcset=\"https:\/\/sandunesbeach.com\/wp-content\/uploads\/2025\/05\/16139869054363656510132490o1366x1025-768x576.jpg 768w, https:\/\/sandunesbeach.com\/wp-content\/uploads\/2025\/05\/16139869054363656510132490o1366x1025-600x450.jpg 600w, https:\/\/sandunesbeach.com\/wp-content\/uploads\/2025\/05\/16139869054363656510132490o1366x1025-300x225.jpg 300w, https:\/\/sandunesbeach.com\/wp-content\/uploads\/2025\/05\/16139869054363656510132490o1366x1025-1024x768.jpg 1024w, https:\/\/sandunesbeach.com\/wp-content\/uploads\/2025\/05\/16139869054363656510132490o1366x1025.jpg 1366w\" sizes=\"(max-width: 768px) 100vw, 768px\" \/><\/div>\n\t\t<\/a>\n\t\t\t\t<div class=\"elementor-post__text\">\n\t\t\t\t<h3 class=\"elementor-post__title\">\n\t\t\t<a href=\"https:\/\/sandunesbeach.com\/ru\/services\/hoat-dong-bien\/\" >\n\t\t\t\t\u041c\u043e\u0440\u0441\u043a\u0430\u044f \u0434\u0435\u044f\u0442\u0435\u043b\u044c\u043d\u043e\u0441\u0442\u044c\t\t\t<\/a>\n\t\t<\/h3>\n\t\t\t\t<div class=\"elementor-post__excerpt\">\n\t\t\t<p>T\u1eadn h\u01b0\u1edfng c\u00e1c ho\u1ea1t \u0111\u1ed9ng vui ch\u01a1i s\u00f4i \u0111\u1ed9ng t\u1ea1i b\u00e3i bi\u1ec3n Sandunes Kh\u00f4ng ch\u1ec9 l\u00e0 n\u01a1i ngh\u1ec9 d\u01b0\u1ee1ng l\u00fd t\u01b0\u1edfng, Sandunes Beach Resort c\u00f2n<\/p>\n\t\t<\/div>\n\t\t\t\t<\/div>\n\t\t\t\t<\/article>\n\t\t\t\t<article class=\"elementor-post elementor-grid-item post-719 services type-services status-publish has-post-thumbnail hentry\">\n\t\t\t\t<a class=\"elementor-post__thumbnail__link\" href=\"https:\/\/sandunesbeach.com\/ru\/services\/bai-bien\/\" tabindex=\"-1\" >\n\t\t\t<div class=\"elementor-post__thumbnail\"><img decoding=\"async\" width=\"768\" height=\"512\" src=\"https:\/\/sandunesbeach.com\/wp-content\/uploads\/2025\/05\/1613985432CfakepathIMG49641366x911-768x512.jpg\" class=\"attachment-medium_large size-medium_large wp-image-721\" alt=\"\" srcset=\"https:\/\/sandunesbeach.com\/wp-content\/uploads\/2025\/05\/1613985432CfakepathIMG49641366x911-768x512.jpg 768w, https:\/\/sandunesbeach.com\/wp-content\/uploads\/2025\/05\/1613985432CfakepathIMG49641366x911-600x400.jpg 600w, https:\/\/sandunesbeach.com\/wp-content\/uploads\/2025\/05\/1613985432CfakepathIMG49641366x911-300x200.jpg 300w, https:\/\/sandunesbeach.com\/wp-content\/uploads\/2025\/05\/1613985432CfakepathIMG49641366x911-1024x683.jpg 1024w, https:\/\/sandunesbeach.com\/wp-content\/uploads\/2025\/05\/1613985432CfakepathIMG49641366x911.jpg 1366w\" sizes=\"(max-width: 768px) 100vw, 768px\" \/><\/div>\n\t\t<\/a>\n\t\t\t\t<div class=\"elementor-post__text\">\n\t\t\t\t<h3 class=\"elementor-post__title\">\n\t\t\t<a href=\"https:\/\/sandunesbeach.com\/ru\/services\/bai-bien\/\" >\n\t\t\t\t\u041f\u043b\u044f\u0436\t\t\t<\/a>\n\t\t<\/h3>\n\t\t\t\t<div class=\"elementor-post__excerpt\">\n\t\t\t<p>\u0411\u0430\u0440 \u0443 \u0431\u0430\u0441\u0441\u0435\u0439\u043d\u0430 \u0411\u0430\u0440 \u0443 \u0431\u0430\u0441\u0441\u0435\u0439\u043d\u0430, \u0433\u0434\u0435 \u0432\u044b \u043c\u043e\u0436\u0435\u0442\u0435 \u043f\u0440\u043e\u0432\u0435\u0441\u0442\u0438 \u0446\u0435\u043b\u044b\u0439 \u0434\u0435\u043d\u044c \u043e\u0442 \u0440\u0430\u0441\u0441\u0432\u0435\u0442\u0430 \u0434\u043e \u0437\u0430\u043a\u0430\u0442\u0430.<\/p>\n\t\t<\/div>\n\t\t\t\t<\/div>\n\t\t\t\t<\/article>\n\t\t\t\t<article class=\"elementor-post elementor-grid-item post-707 services type-services status-publish has-post-thumbnail hentry\">\n\t\t\t\t<a class=\"elementor-post__thumbnail__link\" href=\"https:\/\/sandunesbeach.com\/ru\/services\/phong-hop\/\" tabindex=\"-1\" >\n\t\t\t<div class=\"elementor-post__thumbnail\"><img decoding=\"async\" width=\"768\" height=\"432\" src=\"https:\/\/sandunesbeach.com\/wp-content\/uploads\/2025\/05\/1735014051Cfakepathphonghop11366x768-768x432.jpg\" class=\"attachment-medium_large size-medium_large wp-image-502\" alt=\"\" srcset=\"https:\/\/sandunesbeach.com\/wp-content\/uploads\/2025\/05\/1735014051Cfakepathphonghop11366x768-768x432.jpg 768w, https:\/\/sandunesbeach.com\/wp-content\/uploads\/2025\/05\/1735014051Cfakepathphonghop11366x768-600x337.jpg 600w, https:\/\/sandunesbeach.com\/wp-content\/uploads\/2025\/05\/1735014051Cfakepathphonghop11366x768-300x169.jpg 300w, https:\/\/sandunesbeach.com\/wp-content\/uploads\/2025\/05\/1735014051Cfakepathphonghop11366x768-1024x576.jpg 1024w, https:\/\/sandunesbeach.com\/wp-content\/uploads\/2025\/05\/1735014051Cfakepathphonghop11366x768.jpg 1366w\" sizes=\"(max-width: 768px) 100vw, 768px\" \/><\/div>\n\t\t<\/a>\n\t\t\t\t<div class=\"elementor-post__text\">\n\t\t\t\t<h3 class=\"elementor-post__title\">\n\t\t\t<a href=\"https:\/\/sandunesbeach.com\/ru\/services\/phong-hop\/\" >\n\t\t\t\t\u041a\u043e\u043c\u043d\u0430\u0442\u0430 \u0434\u043b\u044f \u0441\u043e\u0432\u0435\u0449\u0430\u043d\u0438\u0439\t\t\t<\/a>\n\t\t<\/h3>\n\t\t\t\t<div class=\"elementor-post__excerpt\">\n\t\t\t<p>Sandunes Beach Resort cung c\u1ea5p lo\u1ea1i ph\u00f2ng h\u1ecdp v\u1edbi di\u1ec7n t\u00edch 350 m\u00e9t vu\u00f4ng \u2013 c\u00f3 th\u1ec3 ch\u1ee9a \u0111\u1ebfn 120 kh\u00e1ch cho h\u1ed9i ngh\u1ecb, ti\u1ec7c<\/p>\n\t\t<\/div>\n\t\t\t\t<\/div>\n\t\t\t\t<\/article>\n\t\t\t\t<article class=\"elementor-post elementor-grid-item post-186 services type-services status-publish has-post-thumbnail hentry\">\n\t\t\t\t<a class=\"elementor-post__thumbnail__link\" href=\"https:\/\/sandunesbeach.com\/ru\/services\/ho-boi\/\" tabindex=\"-1\" >\n\t\t\t<div class=\"elementor-post__thumbnail\"><img loading=\"lazy\" decoding=\"async\" width=\"768\" height=\"432\" src=\"https:\/\/sandunesbeach.com\/wp-content\/uploads\/2025\/05\/1735014866CfakepathDJI00131366x768-1-768x432.jpg\" class=\"attachment-medium_large size-medium_large wp-image-524\" alt=\"\" srcset=\"https:\/\/sandunesbeach.com\/wp-content\/uploads\/2025\/05\/1735014866CfakepathDJI00131366x768-1-768x432.jpg 768w, https:\/\/sandunesbeach.com\/wp-content\/uploads\/2025\/05\/1735014866CfakepathDJI00131366x768-1-600x337.jpg 600w, https:\/\/sandunesbeach.com\/wp-content\/uploads\/2025\/05\/1735014866CfakepathDJI00131366x768-1-300x169.jpg 300w, https:\/\/sandunesbeach.com\/wp-content\/uploads\/2025\/05\/1735014866CfakepathDJI00131366x768-1-1024x576.jpg 1024w, https:\/\/sandunesbeach.com\/wp-content\/uploads\/2025\/05\/1735014866CfakepathDJI00131366x768-1.jpg 1366w\" sizes=\"(max-width: 768px) 100vw, 768px\" \/><\/div>\n\t\t<\/a>\n\t\t\t\t<div class=\"elementor-post__text\">\n\t\t\t\t<h3 class=\"elementor-post__title\">\n\t\t\t<a href=\"https:\/\/sandunesbeach.com\/ru\/services\/ho-boi\/\" >\n\t\t\t\t\u0411\u0430\u0441\u0441\u0435\u0439\u043d\t\t\t<\/a>\n\t\t<\/h3>\n\t\t\t\t<div class=\"elementor-post__excerpt\">\n\t\t\t<p>H\u1ed3 b\u01a1i Th\u01b0 gi\u00e3n tuy\u1ec7t \u0111\u1ed1i t\u1ea1i h\u1ed3 b\u01a1i Sandunes Beach Resort T\u1ecda l\u1ea1c gi\u1eefa kh\u00f4ng gian thi\u00ean nhi\u00ean trong l\u00e0nh, h\u1ed3 b\u01a1i t\u1ea1i Sandunes<\/p>\n\t\t<\/div>\n\t\t\t\t<\/div>\n\t\t\t\t<\/article>\n\t\t\t\t<\/div>\n\t\t\n\t\t\t\t\t\t<\/div>\n\t\t\t\t<\/div>\n\t\t\t\t<\/div>\n\t\t\t\t\t<\/div>\n\t\t\t\t<\/div>\n\t\t\t\t<\/div>","protected":false},"excerpt":{"rendered":"","protected":false},"author":1,"featured_media":0,"parent":0,"menu_order":0,"comment_status":"closed","ping_status":"closed","template":"elementor_header_footer","meta":{"footnotes":""},"class_list":["post-17","page","type-page","status-publish","hentry"],"acf":[],"yoast_head":"<!-- This site is optimized with the Yoast SEO Premium plugin v24.8 (Yoast SEO v25.2) - https:\/\/yoast.com\/wordpress\/plugins\/seo\/ -->\n<title>D\u1ecbch v\u1ee5 - Sandunes Beach Resort<\/title>\n<meta name=\"robots\" content=\"index, follow, max-snippet:-1, max-image-preview:large, max-video-preview:-1\" \/>\n<link rel=\"canonical\" href=\"https:\/\/sandunesbeach.com\/ru\/dich-vu\/\" \/>\n<meta property=\"og:locale\" content=\"ru_RU\" \/>\n<meta property=\"og:type\" content=\"article\" \/>\n<meta property=\"og:title\" content=\"D\u1ecbch v\u1ee5\" \/>\n<meta property=\"og:url\" content=\"https:\/\/sandunesbeach.com\/ru\/dich-vu\/\" \/>\n<meta property=\"og:site_name\" content=\"Sandunes Beach Resort\" \/>\n<meta property=\"article:modified_time\" content=\"2025-08-05T08:32:23+00:00\" \/>\n<meta name=\"twitter:card\" content=\"summary_large_image\" \/>\n<meta name=\"twitter:label1\" content=\"\u041f\u0440\u0438\u043c\u0435\u0440\u043d\u043e\u0435 \u0432\u0440\u0435\u043c\u044f \u0434\u043b\u044f \u0447\u0442\u0435\u043d\u0438\u044f\" \/>\n\t<meta name=\"twitter:data1\" content=\"3 \u043c\u0438\u043d\u0443\u0442\u044b\" \/>\n<script type=\"application\/ld+json\" class=\"yoast-schema-graph\">{\"@context\":\"https:\/\/schema.org\",\"@graph\":[{\"@type\":\"WebPage\",\"@id\":\"https:\/\/sandunesbeach.com\/dich-vu\/\",\"url\":\"https:\/\/sandunesbeach.com\/dich-vu\/\",\"name\":\"D\u1ecbch v\u1ee5 - Sandunes Beach Resort\",\"isPartOf\":{\"@id\":\"https:\/\/sandunesbeach.com\/#website\"},\"datePublished\":\"2025-05-28T02:30:08+00:00\",\"dateModified\":\"2025-08-05T08:32:23+00:00\",\"breadcrumb\":{\"@id\":\"https:\/\/sandunesbeach.com\/dich-vu\/#breadcrumb\"},\"inLanguage\":\"ru-RU\",\"potentialAction\":[{\"@type\":\"ReadAction\",\"target\":[\"https:\/\/sandunesbeach.com\/dich-vu\/\"]}]},{\"@type\":\"BreadcrumbList\",\"@id\":\"https:\/\/sandunesbeach.com\/dich-vu\/#breadcrumb\",\"itemListElement\":[{\"@type\":\"ListItem\",\"position\":1,\"name\":\"Trang ch\u1ee7\",\"item\":\"https:\/\/sandunesbeach.com\/\"},{\"@type\":\"ListItem\",\"position\":2,\"name\":\"D\u1ecbch v\u1ee5\"}]},{\"@type\":\"WebSite\",\"@id\":\"https:\/\/sandunesbeach.com\/#website\",\"url\":\"https:\/\/sandunesbeach.com\/\",\"name\":\"Sandunes Beach Resort\",\"description\":\"\",\"publisher\":{\"@id\":\"https:\/\/sandunesbeach.com\/#organization\"},\"potentialAction\":[{\"@type\":\"SearchAction\",\"target\":{\"@type\":\"EntryPoint\",\"urlTemplate\":\"https:\/\/sandunesbeach.com\/?s={search_term_string}\"},\"query-input\":{\"@type\":\"PropertyValueSpecification\",\"valueRequired\":true,\"valueName\":\"search_term_string\"}}],\"inLanguage\":\"ru-RU\"},{\"@type\":\"Organization\",\"@id\":\"https:\/\/sandunesbeach.com\/#organization\",\"name\":\"Sandunes Beach Resort\",\"url\":\"https:\/\/sandunesbeach.com\/\",\"logo\":{\"@type\":\"ImageObject\",\"inLanguage\":\"ru-RU\",\"@id\":\"https:\/\/sandunesbeach.com\/#\/schema\/logo\/image\/\",\"url\":\"https:\/\/sandunesbeach.com\/wp-content\/uploads\/2025\/06\/logo-sandunces-1.png\",\"contentUrl\":\"https:\/\/sandunesbeach.com\/wp-content\/uploads\/2025\/06\/logo-sandunces-1.png\",\"width\":459,\"height\":103,\"caption\":\"Sandunes Beach Resort\"},\"image\":{\"@id\":\"https:\/\/sandunesbeach.com\/#\/schema\/logo\/image\/\"}}]}<\/script>\n<!-- \/ Yoast SEO Premium plugin. -->","yoast_head_json":{"title":"D\u1ecbch v\u1ee5 - Sandunes Beach Resort","robots":{"index":"index","follow":"follow","max-snippet":"max-snippet:-1","max-image-preview":"max-image-preview:large","max-video-preview":"max-video-preview:-1"},"canonical":"https:\/\/sandunesbeach.com\/ru\/dich-vu\/","og_locale":"ru_RU","og_type":"article","og_title":"D\u1ecbch v\u1ee5","og_url":"https:\/\/sandunesbeach.com\/ru\/dich-vu\/","og_site_name":"Sandunes Beach Resort","article_modified_time":"2025-08-05T08:32:23+00:00","twitter_card":"summary_large_image","twitter_misc":{"\u041f\u0440\u0438\u043c\u0435\u0440\u043d\u043e\u0435 \u0432\u0440\u0435\u043c\u044f \u0434\u043b\u044f \u0447\u0442\u0435\u043d\u0438\u044f":"3 \u043c\u0438\u043d\u0443\u0442\u044b"},"schema":{"@context":"https:\/\/schema.org","@graph":[{"@type":"WebPage","@id":"https:\/\/sandunesbeach.com\/dich-vu\/","url":"https:\/\/sandunesbeach.com\/dich-vu\/","name":"D\u1ecbch v\u1ee5 - Sandunes Beach Resort","isPartOf":{"@id":"https:\/\/sandunesbeach.com\/#website"},"datePublished":"2025-05-28T02:30:08+00:00","dateModified":"2025-08-05T08:32:23+00:00","breadcrumb":{"@id":"https:\/\/sandunesbeach.com\/dich-vu\/#breadcrumb"},"inLanguage":"ru-RU","potentialAction":[{"@type":"ReadAction","target":["https:\/\/sandunesbeach.com\/dich-vu\/"]}]},{"@type":"BreadcrumbList","@id":"https:\/\/sandunesbeach.com\/dich-vu\/#breadcrumb","itemListElement":[{"@type":"ListItem","position":1,"name":"Trang ch\u1ee7","item":"https:\/\/sandunesbeach.com\/"},{"@type":"ListItem","position":2,"name":"D\u1ecbch v\u1ee5"}]},{"@type":"WebSite","@id":"https:\/\/sandunesbeach.com\/#website","url":"https:\/\/sandunesbeach.com\/","name":"Sandunes Beach Resort","description":"","publisher":{"@id":"https:\/\/sandunesbeach.com\/#organization"},"potentialAction":[{"@type":"SearchAction","target":{"@type":"EntryPoint","urlTemplate":"https:\/\/sandunesbeach.com\/?s={search_term_string}"},"query-input":{"@type":"PropertyValueSpecification","valueRequired":true,"valueName":"search_term_string"}}],"inLanguage":"ru-RU"},{"@type":"Organization","@id":"https:\/\/sandunesbeach.com\/#organization","name":"Sandunes Beach Resort","url":"https:\/\/sandunesbeach.com\/","logo":{"@type":"ImageObject","inLanguage":"ru-RU","@id":"https:\/\/sandunesbeach.com\/#\/schema\/logo\/image\/","url":"https:\/\/sandunesbeach.com\/wp-content\/uploads\/2025\/06\/logo-sandunces-1.png","contentUrl":"https:\/\/sandunesbeach.com\/wp-content\/uploads\/2025\/06\/logo-sandunces-1.png","width":459,"height":103,"caption":"Sandunes Beach Resort"},"image":{"@id":"https:\/\/sandunesbeach.com\/#\/schema\/logo\/image\/"}}]}},"_links":{"self":[{"href":"https:\/\/sandunesbeach.com\/ru\/wp-json\/wp\/v2\/pages\/17","targetHints":{"allow":["GET"]}}],"collection":[{"href":"https:\/\/sandunesbeach.com\/ru\/wp-json\/wp\/v2\/pages"}],"about":[{"href":"https:\/\/sandunesbeach.com\/ru\/wp-json\/wp\/v2\/types\/page"}],"author":[{"embeddable":true,"href":"https:\/\/sandunesbeach.com\/ru\/wp-json\/wp\/v2\/users\/1"}],"replies":[{"embeddable":true,"href":"https:\/\/sandunesbeach.com\/ru\/wp-json\/wp\/v2\/comments?post=17"}],"version-history":[{"count":22,"href":"https:\/\/sandunesbeach.com\/ru\/wp-json\/wp\/v2\/pages\/17\/revisions"}],"predecessor-version":[{"id":2037,"href":"https:\/\/sandunesbeach.com\/ru\/wp-json\/wp\/v2\/pages\/17\/revisions\/2037"}],"wp:attachment":[{"href":"https:\/\/sandunesbeach.com\/ru\/wp-json\/wp\/v2\/media?parent=17"}],"curies":[{"name":"wp","href":"https:\/\/api.w.org\/{rel}","templated":true}]}}